{"id":91,"date":"2025-10-22T16:46:26","date_gmt":"2025-10-22T16:46:26","guid":{"rendered":"https:\/\/vlock.mx\/?page_id=91"},"modified":"2025-10-22T20:23:57","modified_gmt":"2025-10-22T20:23:57","slug":"landing-emocional","status":"publish","type":"page","link":"https:\/\/vlock.mx\/?page_id=91","title":{"rendered":"Landing Emocional"},"content":{"rendered":"\t\t<div data-elementor-type=\"wp-page\" data-elementor-id=\"91\" class=\"elementor elementor-91\" data-elementor-post-type=\"page\">\n\t\t\t\t<div class=\"elementor-element elementor-element-1bbf2603 e-flex e-con-boxed e-con e-parent\" data-id=\"1bbf2603\" data-element_type=\"container\" data-settings=\"{&quot;background_background&quot;:&quot;classic&quot;}\">\n\t\t\t\t\t<div class=\"e-con-inner\">\n\t\t\t\t<div class=\"elementor-element elementor-element-40dd04f8 elementor-widget elementor-widget-heading\" data-id=\"40dd04f8\" data-element_type=\"widget\" data-widget_type=\"heading.default\">\n\t\t\t\t\t<h6 class=\"elementor-heading-title elementor-size-default\">Hay cosas que el dinero no puede reemplazar<\/h6>\t\t\t\t<\/div>\n\t\t\t\t<div class=\"elementor-element elementor-element-377829a8 elementor-widget elementor-widget-heading\" data-id=\"377829a8\" data-element_type=\"widget\" data-widget_type=\"heading.default\">\n\t\t\t\t\t<h1 class=\"elementor-heading-title elementor-size-default\">Tu laptop no vale $20,000 <\/h1>\t\t\t\t<\/div>\n\t\t\t\t<div class=\"elementor-element elementor-element-7af8b34a elementor-widget elementor-widget-heading\" data-id=\"7af8b34a\" data-element_type=\"widget\" data-widget_type=\"heading.default\">\n\t\t\t\t\t<h5 class=\"elementor-heading-title elementor-size-default\">Vale todos por todos tus archivos y trabajos.<\/h5>\t\t\t\t<\/div>\n\t\t\t\t<div class=\"elementor-element elementor-element-513ce424 elementor-align-center elementor-widget elementor-widget-button\" data-id=\"513ce424\" data-element_type=\"widget\" data-widget_type=\"button.default\">\n\t\t\t\t\t\t\t\t\t\t<a class=\"elementor-button elementor-button-link elementor-size-sm\" href=\"https:\/\/vlock.mx\/locker\/Registro\/registro.html\">\n\t\t\t\t\t\t<span class=\"elementor-button-content-wrapper\">\n\t\t\t\t\t\t\t\t\t<span class=\"elementor-button-text\">Protege tus Recuerdos Gratis<\/span>\n\t\t\t\t\t<\/span>\n\t\t\t\t\t<\/a>\n\t\t\t\t\t\t\t\t<\/div>\n\t\t\t\t\t<\/div>\n\t\t\t\t<\/div>\n\t\t<div class=\"elementor-element elementor-element-1bd2f41c e-flex e-con-boxed e-con e-parent\" data-id=\"1bd2f41c\" data-element_type=\"container\" data-settings=\"{&quot;background_background&quot;:&quot;classic&quot;}\">\n\t\t\t\t\t<div class=\"e-con-inner\">\n\t\t<div class=\"elementor-element elementor-element-1c283bdf e-con-full e-flex e-con e-child\" data-id=\"1c283bdf\" data-element_type=\"container\">\n\t\t\t\t<div class=\"elementor-element elementor-element-29e5331e elementor-widget elementor-widget-heading\" data-id=\"29e5331e\" data-element_type=\"widget\" data-widget_type=\"heading.default\">\n\t\t\t\t\t<h2 class=\"elementor-heading-title elementor-size-default\">Para Ana, un segundo lo cambi\u00f3 todo.<\/h2>\t\t\t\t<\/div>\n\t\t\t\t<div class=\"elementor-element elementor-element-385180e5 elementor-widget elementor-widget-text-editor\" data-id=\"385180e5\" data-element_type=\"widget\" data-widget_type=\"text-editor.default\">\n\t\t\t\t\t\t\t\t\t<p>Su laptop era m\u00e1s que un dispositivo, era su futuro. Conten\u00eda meses de investigaci\u00f3n, desvelos y el borrador final de su tesis. Cuando se la robaron de un caf\u00e9, sinti\u00f3 que todo su esfuerzo se hab\u00eda perdido para siempre.<\/p><p>El ladr\u00f3n solo vio un objeto para vender por unos cuantos pesos. <strong>Ana vio a\u00f1os de su vida a punto de desaparecer.<\/strong><\/p>\t\t\t\t\t\t\t\t<\/div>\n\t\t\t\t<\/div>\n\t\t<div class=\"elementor-element elementor-element-3fcc7a40 e-con-full e-flex e-con e-child\" data-id=\"3fcc7a40\" data-element_type=\"container\">\n\t\t\t\t<div class=\"elementor-element elementor-element-57b3f8d7 elementor-widget elementor-widget-image\" data-id=\"57b3f8d7\" data-element_type=\"widget\" data-widget_type=\"image.default\">\n\t\t\t\t\t\t\t\t\t\t\t\t\t\t\t<img fetchpriority=\"high\" decoding=\"async\" width=\"1232\" height=\"928\" src=\"https:\/\/vlock.mx\/wp-content\/uploads\/2025\/10\/ana-le-robaron-1.webp\" class=\"attachment-full size-full wp-image-44\" alt=\"\" srcset=\"https:\/\/vlock.mx\/wp-content\/uploads\/2025\/10\/ana-le-robaron-1.webp 1232w, https:\/\/vlock.mx\/wp-content\/uploads\/2025\/10\/ana-le-robaron-1-300x226.webp 300w, https:\/\/vlock.mx\/wp-content\/uploads\/2025\/10\/ana-le-robaron-1-1024x771.webp 1024w, https:\/\/vlock.mx\/wp-content\/uploads\/2025\/10\/ana-le-robaron-1-768x578.webp 768w\" sizes=\"(max-width: 1232px) 100vw, 1232px\" \/>\t\t\t\t\t\t\t\t\t\t\t\t\t\t\t<\/div>\n\t\t\t\t<\/div>\n\t\t\t\t\t<\/div>\n\t\t\t\t<\/div>\n\t\t<div class=\"elementor-element elementor-element-5bad550 e-con-full e-flex e-con e-parent\" data-id=\"5bad550\" data-element_type=\"container\" data-settings=\"{&quot;background_background&quot;:&quot;classic&quot;}\">\n\t\t\t\t<div class=\"elementor-element elementor-element-aaa33f7 e-transform elementor-widget__width-initial elementor-view-default elementor-widget elementor-widget-icon\" data-id=\"aaa33f7\" data-element_type=\"widget\" data-settings=\"{&quot;motion_fx_motion_fx_scrolling&quot;:&quot;yes&quot;,&quot;motion_fx_devices&quot;:[&quot;desktop&quot;],&quot;motion_fx_motion_fx_mouse&quot;:&quot;yes&quot;,&quot;motion_fx_mouseTrack_effect&quot;:&quot;yes&quot;,&quot;motion_fx_mouseTrack_speed&quot;:{&quot;unit&quot;:&quot;px&quot;,&quot;size&quot;:&quot;0.7&quot;,&quot;sizes&quot;:[]},&quot;_transform_scale_effect_hover&quot;:{&quot;unit&quot;:&quot;px&quot;,&quot;size&quot;:&quot;1.3&quot;,&quot;sizes&quot;:[]},&quot;_transform_scale_effect_hover_tablet&quot;:{&quot;unit&quot;:&quot;px&quot;,&quot;size&quot;:&quot;&quot;,&quot;sizes&quot;:[]},&quot;_transform_scale_effect_hover_mobile&quot;:{&quot;unit&quot;:&quot;px&quot;,&quot;size&quot;:&quot;&quot;,&quot;sizes&quot;:[]}}\" data-widget_type=\"icon.default\">\n\t\t\t\t\t\t\t<div class=\"elementor-icon-wrapper\">\n\t\t\t<div class=\"elementor-icon\">\n\t\t\t<svg aria-hidden=\"true\" class=\"e-font-icon-svg e-fab-vuejs\" viewBox=\"0 0 448 512\" xmlns=\"http:\/\/www.w3.org\/2000\/svg\"><path d=\"M356.9 64.3H280l-56 88.6-48-88.6H0L224 448 448 64.3h-91.1zm-301.2 32h53.8L224 294.5 338.4 96.3h53.8L224 384.5 55.7 96.3z\"><\/path><\/svg>\t\t\t<\/div>\n\t\t<\/div>\n\t\t\t\t\t\t<\/div>\n\t\t<div class=\"elementor-element elementor-element-2d4da7d6 e-con-full e-flex e-con e-child\" data-id=\"2d4da7d6\" data-element_type=\"container\">\n\t\t\t\t<div class=\"elementor-element elementor-element-7ee5e5b elementor-widget elementor-widget-heading\" data-id=\"7ee5e5b\" data-element_type=\"widget\" data-widget_type=\"heading.default\">\n\t\t\t\t\t<h2 class=\"elementor-heading-title elementor-size-default\">Pero Ana hab\u00eda hecho una cosa bien. Hab\u00eda registrado su laptop en Vlock.<\/h2>\t\t\t\t<\/div>\n\t\t\t\t<\/div>\n\t\t\t\t<div class=\"elementor-element elementor-element-2bbc99a5 e-transform elementor-widget__width-initial elementor-widget-mobile__width-initial elementor-view-default elementor-widget elementor-widget-icon\" data-id=\"2bbc99a5\" data-element_type=\"widget\" data-settings=\"{&quot;motion_fx_motion_fx_scrolling&quot;:&quot;yes&quot;,&quot;motion_fx_devices&quot;:[&quot;desktop&quot;],&quot;motion_fx_motion_fx_mouse&quot;:&quot;yes&quot;,&quot;motion_fx_mouseTrack_effect&quot;:&quot;yes&quot;,&quot;motion_fx_mouseTrack_direction&quot;:&quot;negative&quot;,&quot;motion_fx_mouseTrack_speed&quot;:{&quot;unit&quot;:&quot;px&quot;,&quot;size&quot;:&quot;0.7&quot;,&quot;sizes&quot;:[]},&quot;_transform_scale_effect_hover&quot;:{&quot;unit&quot;:&quot;px&quot;,&quot;size&quot;:&quot;1.3&quot;,&quot;sizes&quot;:[]},&quot;_transform_scale_effect_hover_tablet&quot;:{&quot;unit&quot;:&quot;px&quot;,&quot;size&quot;:&quot;&quot;,&quot;sizes&quot;:[]},&quot;_transform_scale_effect_hover_mobile&quot;:{&quot;unit&quot;:&quot;px&quot;,&quot;size&quot;:&quot;&quot;,&quot;sizes&quot;:[]}}\" data-widget_type=\"icon.default\">\n\t\t\t\t\t\t\t<div class=\"elementor-icon-wrapper\">\n\t\t\t<div class=\"elementor-icon\">\n\t\t\t<svg aria-hidden=\"true\" class=\"e-font-icon-svg e-fab-vuejs\" viewBox=\"0 0 448 512\" xmlns=\"http:\/\/www.w3.org\/2000\/svg\"><path d=\"M356.9 64.3H280l-56 88.6-48-88.6H0L224 448 448 64.3h-91.1zm-301.2 32h53.8L224 294.5 338.4 96.3h53.8L224 384.5 55.7 96.3z\"><\/path><\/svg>\t\t\t<\/div>\n\t\t<\/div>\n\t\t\t\t\t\t<\/div>\n\t\t\t\t<\/div>\n\t\t<div class=\"elementor-element elementor-element-f7152b6 e-con-full e-flex e-con e-parent\" data-id=\"f7152b6\" data-element_type=\"container\" data-settings=\"{&quot;background_background&quot;:&quot;classic&quot;}\">\n\t\t<div class=\"elementor-element elementor-element-78862a88 e-con-full e-flex e-con e-child\" data-id=\"78862a88\" data-element_type=\"container\">\n\t\t\t\t<div class=\"elementor-element elementor-element-41954acd elementor-widget__width-inherit elementor-widget-divider--view-line elementor-invisible elementor-widget elementor-widget-divider\" data-id=\"41954acd\" data-element_type=\"widget\" data-settings=\"{&quot;_animation&quot;:&quot;fadeInLeft&quot;}\" data-widget_type=\"divider.default\">\n\t\t\t\t\t\t\t<div class=\"elementor-divider\">\n\t\t\t<span class=\"elementor-divider-separator\">\n\t\t\t\t\t\t<\/span>\n\t\t<\/div>\n\t\t\t\t\t\t<\/div>\n\t\t\t\t<div class=\"elementor-element elementor-element-26d1cb39 elementor-widget__width-initial elementor-widget-tablet__width-inherit elementor-widget elementor-widget-heading\" data-id=\"26d1cb39\" data-element_type=\"widget\" data-widget_type=\"heading.default\">\n\t\t\t\t\t<h2 class=\"elementor-heading-title elementor-size-default\">En menos de un minuto desde su celular, report\u00f3 el robo <\/h2>\t\t\t\t<\/div>\n\t\t\t\t<div class=\"elementor-element elementor-element-4ebc0314 elementor-widget__width-initial elementor-widget-tablet__width-inherit elementor-widget elementor-widget-text-editor\" data-id=\"4ebc0314\" data-element_type=\"widget\" data-widget_type=\"text-editor.default\">\n\t\t\t\t\t\t\t\t\t<p>Autom\u00e1ticamente, su laptop se enlist\u00f3 en una base de datos nacional, haciendo muy mal negocio ser vendida en el mercado de segunda mano.\u00a0<\/p><p><strong>Estamos haciendo que ser ladr\u00f3n en M\u00e9xico sea un p\u00e9simo negocio.<\/strong><\/p>\t\t\t\t\t\t\t\t<\/div>\n\t\t\t\t<\/div>\n\t\t<div class=\"elementor-element elementor-element-3d410f51 e-flex e-con-boxed e-con e-child\" data-id=\"3d410f51\" data-element_type=\"container\">\n\t\t\t\t\t<div class=\"e-con-inner\">\n\t\t\t\t<div class=\"elementor-element elementor-element-27b9d7cb elementor-invisible elementor-widget elementor-widget-icon-box\" data-id=\"27b9d7cb\" data-element_type=\"widget\" data-settings=\"{&quot;_animation&quot;:&quot;fadeInUp&quot;}\" data-widget_type=\"icon-box.default\">\n\t\t\t\t\t\t\t<div class=\"elementor-icon-box-wrapper\">\n\n\t\t\t\n\t\t\t\t\t\t<div class=\"elementor-icon-box-content\">\n\n\t\t\t\t\t\t\t\t\t<h3 class=\"elementor-icon-box-title\">\n\t\t\t\t\t\t<span  >\n\t\t\t\t\t\t\t Tranquilidad Total\t\t\t\t\t\t<\/span>\n\t\t\t\t\t<\/h3>\n\t\t\t\t\n\t\t\t\t\t\t\t\t\t<p class=\"elementor-icon-box-description\">\n\t\t\t\t\t\tAsegura que nadie pueda lucrar con lo que es tuyo.\t\t\t\t\t<\/p>\n\t\t\t\t\n\t\t\t<\/div>\n\t\t\t\n\t\t<\/div>\n\t\t\t\t\t\t<\/div>\n\t\t\t\t<div class=\"elementor-element elementor-element-33973b0e elementor-invisible elementor-widget elementor-widget-icon-box\" data-id=\"33973b0e\" data-element_type=\"widget\" data-settings=\"{&quot;_animation&quot;:&quot;fadeInUp&quot;,&quot;_animation_delay&quot;:100}\" data-widget_type=\"icon-box.default\">\n\t\t\t\t\t\t\t<div class=\"elementor-icon-box-wrapper\">\n\n\t\t\t\n\t\t\t\t\t\t<div class=\"elementor-icon-box-content\">\n\n\t\t\t\t\t\t\t\t\t<h3 class=\"elementor-icon-box-title\">\n\t\t\t\t\t\t<span  >\n\t\t\t\t\t\t\t Es 100% Gratis\t\t\t\t\t\t<\/span>\n\t\t\t\t\t<\/h3>\n\t\t\t\t\n\t\t\t\t\t\t\t\t\t<p class=\"elementor-icon-box-description\">\n\t\t\t\t\t\tProteger lo que m\u00e1s te importa no deber\u00eda tener costo.\t\t\t\t\t<\/p>\n\t\t\t\t\n\t\t\t<\/div>\n\t\t\t\n\t\t<\/div>\n\t\t\t\t\t\t<\/div>\n\t\t\t\t<div class=\"elementor-element elementor-element-5de0ab36 elementor-invisible elementor-widget elementor-widget-icon-box\" data-id=\"5de0ab36\" data-element_type=\"widget\" data-settings=\"{&quot;_animation&quot;:&quot;fadeInUp&quot;,&quot;_animation_delay&quot;:200}\" data-widget_type=\"icon-box.default\">\n\t\t\t\t\t\t\t<div class=\"elementor-icon-box-wrapper\">\n\n\t\t\t\n\t\t\t\t\t\t<div class=\"elementor-icon-box-content\">\n\n\t\t\t\t\t\t\t\t\t<h3 class=\"elementor-icon-box-title\">\n\t\t\t\t\t\t<span  >\n\t\t\t\t\t\t\t Registro en 2 Minutos\t\t\t\t\t\t<\/span>\n\t\t\t\t\t<\/h3>\n\t\t\t\t\n\t\t\t\t\t\t\t\t\t<p class=\"elementor-icon-box-description\">\n\t\t\t\t\t\tUn peque\u00f1o paso para ti, un gran muro para los delincuentes.\t\t\t\t\t<\/p>\n\t\t\t\t\n\t\t\t<\/div>\n\t\t\t\n\t\t<\/div>\n\t\t\t\t\t\t<\/div>\n\t\t\t\t\t<\/div>\n\t\t\t\t<\/div>\n\t\t\t\t<\/div>\n\t\t<div class=\"elementor-element elementor-element-6c341e2d e-flex e-con-boxed e-con e-parent\" data-id=\"6c341e2d\" data-element_type=\"container\" data-settings=\"{&quot;background_background&quot;:&quot;classic&quot;}\">\n\t\t\t\t\t<div class=\"e-con-inner\">\n\t\t\t\t<div class=\"elementor-element elementor-element-555a3076 elementor-widget__width-initial elementor-widget elementor-widget-heading\" data-id=\"555a3076\" data-element_type=\"widget\" data-widget_type=\"heading.default\">\n\t\t\t\t\t<h2 class=\"elementor-heading-title elementor-size-default\">Un peque\u00f1o paso para ti, un gran muro contra el robo<\/h2>\t\t\t\t<\/div>\n\t\t\t\t<div class=\"elementor-element elementor-element-42881fcf elementor-widget elementor-widget-text-editor\" data-id=\"42881fcf\" data-element_type=\"widget\" data-widget_type=\"text-editor.default\">\n\t\t\t\t\t\t\t\t\t<p>Crea tu cuenta gratis y registra tus dispositivos. No esperes a que sea demasiado tarde.<\/p>\t\t\t\t\t\t\t\t<\/div>\n\t\t\t\t<div class=\"elementor-element elementor-element-20fd4b0e elementor-widget__width-initial elementor-widget elementor-widget-html\" data-id=\"20fd4b0e\" data-element_type=\"widget\" data-widget_type=\"html.default\">\n\t\t\t\t\t<iframe src=\"https:\/\/vlock.mx\/locker\/registro\/landing.html\"width=\"100\" height=\"650\"><\/iframe>\n\n\t\t\t\t<\/div>\n\t\t\t\t\t<\/div>\n\t\t\t\t<\/div>\n\t\t\t\t<\/div>\n\t\t","protected":false},"excerpt":{"rendered":"<p>Hay cosas que el dinero no puede reemplazar Tu laptop no vale $20,000 Vale todos por todos tus archivos y trabajos. Protege tus Recuerdos Gratis Para Ana, un segundo lo cambi\u00f3 todo. Su laptop era m\u00e1s que un dispositivo, era su futuro. Conten\u00eda meses de investigaci\u00f3n, desvelos y el borrador final de su tesis. Cuando [&hellip;]<\/p>\n","protected":false},"author":2,"featured_media":0,"parent":0,"menu_order":0,"comment_status":"closed","ping_status":"closed","template":"","meta":{"footnotes":""},"class_list":["post-91","page","type-page","status-publish","hentry"],"_links":{"self":[{"href":"https:\/\/vlock.mx\/index.php?rest_route=\/wp\/v2\/pages\/91","targetHints":{"allow":["GET"]}}],"collection":[{"href":"https:\/\/vlock.mx\/index.php?rest_route=\/wp\/v2\/pages"}],"about":[{"href":"https:\/\/vlock.mx\/index.php?rest_route=\/wp\/v2\/types\/page"}],"author":[{"embeddable":true,"href":"https:\/\/vlock.mx\/index.php?rest_route=\/wp\/v2\/users\/2"}],"replies":[{"embeddable":true,"href":"https:\/\/vlock.mx\/index.php?rest_route=%2Fwp%2Fv2%2Fcomments&post=91"}],"version-history":[{"count":7,"href":"https:\/\/vlock.mx\/index.php?rest_route=\/wp\/v2\/pages\/91\/revisions"}],"predecessor-version":[{"id":102,"href":"https:\/\/vlock.mx\/index.php?rest_route=\/wp\/v2\/pages\/91\/revisions\/102"}],"wp:attachment":[{"href":"https:\/\/vlock.mx\/index.php?rest_route=%2Fwp%2Fv2%2Fmedia&parent=91"}],"curies":[{"name":"wp","href":"https:\/\/api.w.org\/{rel}","templated":true}]}}